{"id":12928,"date":"2017-06-01T11:55:35","date_gmt":"2017-06-01T11:55:35","guid":{"rendered":"http:\/\/mula.es\/turismo\/castillo-de-los-velez\/"},"modified":"2018-10-03T12:10:57","modified_gmt":"2018-10-03T10:10:57","slug":"chateau-des-velez","status":"publish","type":"page","link":"https:\/\/turismodemula.es\/fr\/chateau-des-velez\/","title":{"rendered":"Chat\u00eaau des V\u00e9lez"},"content":{"rendered":"<div class=\"fusion-fullwidth fullwidth-box fusion-builder-row-1 nonhundred-percent-fullwidth non-hundred-percent-height-scrolling\" style=\"--awb-border-radius-top-left:0px;--awb-border-radius-top-right:0px;--awb-border-radius-bottom-right:0px;--awb-border-radius-bottom-left:0px;--awb-margin-bottom:-20px;--awb-flex-wrap:wrap;\" ><div class=\"fusion-builder-row fusion-row\"><div class=\"fusion-layout-column fusion_builder_column fusion-builder-column-0 fusion_builder_column_1_2 1_2 fusion-one-half fusion-column-first\" style=\"--awb-bg-size:cover;width:50%;width:calc(50% - ( ( 4% ) * 0.5 ) );margin-right: 4%;\"><div class=\"fusion-column-wrapper fusion-flex-column-wrapper-legacy\"><div class=\"fusion-title title fusion-title-1 fusion-title-text fusion-title-size-one\"><h1 class=\"fusion-title-heading title-heading-left\" style=\"margin:0;\">Chat\u00eaau des V\u00e9lez<\/h1><span class=\"awb-title-spacer\"><\/span><div class=\"title-sep-container\"><div class=\"title-sep sep-double sep-solid\" style=\"border-color:#e0dede;\"><\/div><\/div><\/div><div class=\"fusion-text fusion-text-1\"><p>Au sommet de la colline qui prot\u00e8ge la ville se trouve le ch\u00e2teau de Fajardo, l&rsquo;un des monuments les plus connus de Mula. Contrairement \u00e0 ce que l&rsquo;on croit, cette forteresse n&rsquo;a pas \u00e9t\u00e9 construite \u00e0 des fins d\u00e9fensives, mais pour d\u00e9montrer la puissance et la supr\u00e9matie de la maison de Velez, l&rsquo;une des plus importantes du XVIe si\u00e8cle.<br \/>\nLe ch\u00e2teau est divis\u00e9 en trois parties. L&rsquo;un des points forts est la tour, principalement parce qu&rsquo;elle a servi de dortoir \u00e0 la garnison et a \u00e9t\u00e9 divis\u00e9e en trois \u00e9tages, le plus bas \u00e9tant celui qui m\u00e8ne \u00e0 la troisi\u00e8me partie du ch\u00e2teau o\u00f9 se trouve une grande citerne. La partie sup\u00e9rieure de la tour est un toit qui poss\u00e9dait autrefois des chiens et des remparts.<\/p>\n<h2>STYLE<\/h2>\n<p>Renaissance<br \/>\nLe temps<br \/>\nXVI\u00e8me si\u00e8cle<\/p>\n<h2>OBSERVATIONS<\/h2>\n<p>C&rsquo;est une propri\u00e9t\u00e9 priv\u00e9e et pour le moment non visitable.<\/p>\n<\/div><div class=\"fusion-clearfix\"><\/div><\/div><\/div><div class=\"fusion-layout-column fusion_builder_column fusion-builder-column-1 fusion_builder_column_1_2 1_2 fusion-one-half fusion-column-last\" style=\"--awb-bg-size:cover;width:50%;width:calc(50% - ( ( 4% ) * 0.5 ) );\"><div class=\"fusion-column-wrapper fusion-flex-column-wrapper-legacy\"><div class=\"fusion-image-carousel fusion-image-carousel-auto fusion-image-carousel-1 fusion-carousel-border\"><div class=\"awb-carousel awb-swiper awb-swiper-carousel awb-swiper-dots-position-bottom awb-carousel--carousel\" data-layout=\"carousel\" data-autoplay=\"yes\" data-autoplayspeed=\"2500\" data-autoplaypause=\"no\" data-columns=\"1\" data-itemmargin=\"13\" data-itemwidth=\"180\" data-touchscroll=\"no\" data-freemode=\"no\" data-imagesize=\"auto\" data-scrollitems=\"0\" data-centeredslides=\"no\" data-rotationangle=\"50\" data-depth=\"100\" data-speed=\"500\" data-shadow=\"no\" style=\"--awb-columns:1;--awb-border-width:1px;--awb-border-color:#e9eaee;\"><div class=\"swiper-wrapper awb-image-carousel-wrapper fusion-flex-align-items-center\"><div class=\"swiper-slide\"><div class=\"fusion-carousel-item-wrapper\"><div class=\"fusion-image-wrapper hover-type-zoomin\"><img decoding=\"async\" width=\"1316\" height=\"740\" src=\"https:\/\/turismodemula.es\/wp-content\/uploads\/2017\/10\/04-1.jpg\" class=\"attachment-full size-full\" alt=\"\" srcset=\"https:\/\/turismodemula.es\/wp-content\/uploads\/2017\/10\/04-1-200x112.jpg 200w, https:\/\/turismodemula.es\/wp-content\/uploads\/2017\/10\/04-1-300x169.jpg 300w, https:\/\/turismodemula.es\/wp-content\/uploads\/2017\/10\/04-1-400x225.jpg 400w, https:\/\/turismodemula.es\/wp-content\/uploads\/2017\/10\/04-1-600x337.jpg 600w, https:\/\/turismodemula.es\/wp-content\/uploads\/2017\/10\/04-1-768x432.jpg 768w, https:\/\/turismodemula.es\/wp-content\/uploads\/2017\/10\/04-1-800x450.jpg 800w, https:\/\/turismodemula.es\/wp-content\/uploads\/2017\/10\/04-1-1024x576.jpg 1024w, https:\/\/turismodemula.es\/wp-content\/uploads\/2017\/10\/04-1-1200x675.jpg 1200w, https:\/\/turismodemula.es\/wp-content\/uploads\/2017\/10\/04-1.jpg 1316w\" sizes=\"(max-width: 1316px) 100vw, 1316px\" \/><\/div><\/div><\/div><div class=\"swiper-slide\"><div class=\"fusion-carousel-item-wrapper\"><div class=\"fusion-image-wrapper hover-type-zoomin\"><img decoding=\"async\" width=\"1316\" height=\"740\" src=\"https:\/\/turismodemula.es\/wp-content\/uploads\/2017\/10\/03-1.jpg\" class=\"attachment-full size-full\" alt=\"\" srcset=\"https:\/\/turismodemula.es\/wp-content\/uploads\/2017\/10\/03-1-200x112.jpg 200w, https:\/\/turismodemula.es\/wp-content\/uploads\/2017\/10\/03-1-300x169.jpg 300w, https:\/\/turismodemula.es\/wp-content\/uploads\/2017\/10\/03-1-400x225.jpg 400w, https:\/\/turismodemula.es\/wp-content\/uploads\/2017\/10\/03-1-600x337.jpg 600w, https:\/\/turismodemula.es\/wp-content\/uploads\/2017\/10\/03-1-768x432.jpg 768w, https:\/\/turismodemula.es\/wp-content\/uploads\/2017\/10\/03-1-800x450.jpg 800w, https:\/\/turismodemula.es\/wp-content\/uploads\/2017\/10\/03-1-1024x576.jpg 1024w, https:\/\/turismodemula.es\/wp-content\/uploads\/2017\/10\/03-1-1200x675.jpg 1200w, https:\/\/turismodemula.es\/wp-content\/uploads\/2017\/10\/03-1.jpg 1316w\" sizes=\"(max-width: 1316px) 100vw, 1316px\" \/><\/div><\/div><\/div><div class=\"swiper-slide\"><div class=\"fusion-carousel-item-wrapper\"><div class=\"fusion-image-wrapper hover-type-zoomin\"><img decoding=\"async\" width=\"2192\" height=\"1233\" src=\"https:\/\/turismodemula.es\/wp-content\/uploads\/2017\/10\/04b-2.jpg\" class=\"attachment-full size-full\" alt=\"\" srcset=\"https:\/\/turismodemula.es\/wp-content\/uploads\/2017\/10\/04b-2-200x113.jpg 200w, https:\/\/turismodemula.es\/wp-content\/uploads\/2017\/10\/04b-2-300x169.jpg 300w, https:\/\/turismodemula.es\/wp-content\/uploads\/2017\/10\/04b-2-400x225.jpg 400w, https:\/\/turismodemula.es\/wp-content\/uploads\/2017\/10\/04b-2-600x338.jpg 600w, https:\/\/turismodemula.es\/wp-content\/uploads\/2017\/10\/04b-2-768x432.jpg 768w, https:\/\/turismodemula.es\/wp-content\/uploads\/2017\/10\/04b-2-800x450.jpg 800w, https:\/\/turismodemula.es\/wp-content\/uploads\/2017\/10\/04b-2-1024x576.jpg 1024w, https:\/\/turismodemula.es\/wp-content\/uploads\/2017\/10\/04b-2-1200x675.jpg 1200w, https:\/\/turismodemula.es\/wp-content\/uploads\/2017\/10\/04b-2.jpg 2192w\" sizes=\"(max-width: 2192px) 100vw, 2192px\" \/><\/div><\/div><\/div><div class=\"swiper-slide\"><div class=\"fusion-carousel-item-wrapper\"><div class=\"fusion-image-wrapper hover-type-zoomin\"><img decoding=\"async\" width=\"1920\" height=\"420\" src=\"https:\/\/turismodemula.es\/wp-content\/uploads\/2017\/10\/60.jpg\" class=\"attachment-full size-full\" alt=\"\" srcset=\"https:\/\/turismodemula.es\/wp-content\/uploads\/2017\/10\/60-200x44.jpg 200w, https:\/\/turismodemula.es\/wp-content\/uploads\/2017\/10\/60-300x66.jpg 300w, https:\/\/turismodemula.es\/wp-content\/uploads\/2017\/10\/60-400x88.jpg 400w, https:\/\/turismodemula.es\/wp-content\/uploads\/2017\/10\/60-600x131.jpg 600w, https:\/\/turismodemula.es\/wp-content\/uploads\/2017\/10\/60-768x168.jpg 768w, https:\/\/turismodemula.es\/wp-content\/uploads\/2017\/10\/60-800x175.jpg 800w, https:\/\/turismodemula.es\/wp-content\/uploads\/2017\/10\/60-1024x224.jpg 1024w, https:\/\/turismodemula.es\/wp-content\/uploads\/2017\/10\/60-1200x263.jpg 1200w, https:\/\/turismodemula.es\/wp-content\/uploads\/2017\/10\/60.jpg 1920w\" sizes=\"(max-width: 1920px) 100vw, 1920px\" \/><\/div><\/div><\/div><\/div><div class=\"awb-swiper-button awb-swiper-button-prev\"><i class=\"awb-icon-angle-left\" aria-hidden=\"true\"><\/i><\/div><div class=\"awb-swiper-button awb-swiper-button-next\"><i class=\"awb-icon-angle-right\" aria-hidden=\"true\"><\/i><\/div><\/div><\/div><div class=\"fusion-clearfix\"><\/div><\/div><\/div><\/div><\/div>\n<div id=\"agenda\" class=\"fusion-container-anchor\"><div class=\"fusion-fullwidth fullwidth-box fusion-builder-row-2 hundred-percent-fullwidth non-hundred-percent-height-scrolling\" style=\"--awb-border-radius-top-left:0px;--awb-border-radius-top-right:0px;--awb-border-radius-bottom-right:0px;--awb-border-radius-bottom-left:0px;--awb-padding-top:0px;--awb-padding-right:0px;--awb-padding-bottom:0px;--awb-padding-left:0px;--awb-margin-bottom:-40px;--awb-background-color:#d6501b;--awb-flex-wrap:wrap;\" ><div class=\"fusion-builder-row fusion-row\"><div class=\"fusion-layout-column fusion_builder_column fusion-builder-column-2 fusion_builder_column_1_2 1_2 fusion-one-half fusion-column-first\" style=\"--awb-padding-top:0px;--awb-padding-right:20px;--awb-padding-bottom:0px;--awb-padding-left:20px;--awb-bg-color:rgba(255,255,255,0);--awb-bg-color-hover:rgba(255,255,255,0);--awb-bg-size:cover;width:50%;width:calc(50% - ( ( 4% + 4% ) * 0.5 ) );margin-right: 4%;\"><div class=\"fusion-column-wrapper fusion-flex-column-wrapper-legacy\"><div class=\"fusion-menu-anchor\" id=\"agenda\"><\/div><div class=\"fusion-text fusion-text-2\"><p>[add_eventon_search search_all=\u00a0\u00bbyes\u00a0\u00bb ][add_eventon show_et_ft_img=\u00a0\u00bbyes\u00a0\u00bb lang=\u201dL3\u2033 hide_past=\u00a0\u00bbyes\u00a0\u00bb hide_so=\u00a0\u00bbno\u00a0\u00bb event_count=\u00a0\u00bb3&Prime; show_limit=\u00a0\u00bbyes\u00a0\u00bb]<\/p>\n<\/div><div class=\"fusion-clearfix\"><\/div><\/div><\/div><div class=\"fusion-layout-column fusion_builder_column fusion-builder-column-3 fusion_builder_column_1_4 1_4 fusion-one-fourth\" style=\"--awb-padding-top:0px;--awb-padding-right:20px;--awb-padding-bottom:0px;--awb-padding-left:20px;--awb-bg-color:rgba(255,255,255,0);--awb-bg-color-hover:rgba(255,255,255,0);--awb-bg-size:cover;width:25%;width:calc(25% - ( ( 4% + 4% ) * 0.25 ) );margin-right: 4%;\"><div class=\"fusion-column-wrapper fusion-flex-column-wrapper-legacy\"><div class=\"fusion-menu-anchor\" id=\"reservas\"><\/div><script type=\"text\/javascript\">\nfunction convertDate(dateString) {\n    var date = new Date(dateString);\n    return date.getDate()+\"\/\"+(date.getMonth()+1)+\"\/\"+date.getFullYear();\n}\n<\/script>\n\n<script type=\"text\/javascript\">\nfunction muestra_ok(){\nvar Llegada=document.getElementById(\"llegada\").value;\nvar Llegada_spa=convertDate(Llegada);\nvar Salida=document.getElementById(\"salida\").value;\nvar Salida_spa=convertDate(Salida);\nlocation.href=\"https:\/\/www.murciaturistica.es\/es\/reservas?pagina=resultados&fecha_desde=\"+Llegada_spa+\"&fecha_hasta=\"+Salida_spa+\"&localidad=mula&tipo_busqueda=1\";\n}\n<\/script>\n\n<script type=\"text\/javascript\">\nfunction muestra_ok3(){\n\nlocation.href=\"https:\/\/www.murciaturistica.es\/es\/buscar_actividades?buscar=si&localidad=mula&fecha_desde=29\/08\/2018&fecha_hasta=29\/09\/2018\";\n}\n<\/script>\n\n\n<script type=\"text\/javascript\">\nfunction muestra_ok2(){\n\nlocation.href=\"https:\/\/www.murciaturistica.es\/es\/reservas?pagina=resultados&fecha_desde=29\/08\/2018&fecha_hasta=31\/08\/2018&localidad=mula&tipo_busqueda=1\";\n}\n<\/script>\n\n<\/head>\n\n<p align=\"center\" class=\"reservas\"><b>H\u00c9BERGEMENT DU LIVRE<\/b><\/p>\n<div id=\"prueba\">\n<form id=prueba\" METHOD=\"POST\"><p align=\"center\" class=\"reservas_texto\">\n  <b>ARRIV\u00c9E:&nbsp;<\/b> <input style=\"color: #d6501b;\" type=\"date\" id=\"llegada\" onchange=\"myFunction('MyID');\"><\/p>\n    <script>\n      function myFunction(IdTag) {\n        var fecha = new Date(document.getElementById(\"llegada\").value);\n\t\tfecha.setDate(fecha.getDate() + 1);\n        document.getElementById(\"salida\").valueAsDate = fecha;\n        \n      }\n    <\/script>\n   \n  <p align=\"center\" class=\"reservas_texto\">\n  <b>D\u00c9PART:&nbsp;&nbsp;&nbsp;&nbsp;<\/b>  \n  <input style=\"color: #d6501b;\" type=\"date\" id=\"salida\";>\n   <p align=\"center\"><a class=\"boton_enviar\" href=\"javascript:muestra_ok();\" title=\"RECHERCHER\">RECHERCHER<\/a>\n<\/p>\n<\/form>\n\n<\/div><div class=\"fusion-clearfix\"><\/div><\/div><\/div><div class=\"fusion-layout-column fusion_builder_column fusion-builder-column-4 fusion_builder_column_1_4 1_4 fusion-one-fourth fusion-column-last\" style=\"--awb-padding-top:0px;--awb-padding-right:20px;--awb-padding-bottom:0px;--awb-padding-left:20px;--awb-bg-color:rgba(255,255,255,0);--awb-bg-color-hover:rgba(255,255,255,0);--awb-bg-size:cover;width:25%;width:calc(25% - ( ( 4% + 4% ) * 0.25 ) );\"><div class=\"fusion-column-wrapper fusion-flex-column-wrapper-legacy\"><script type=\"text\/javascript\">\nfunction convertDate(dateString) {\n    var date = new Date(dateString);\n    return date.getDate()+\"\/\"+(date.getMonth()+1)+\"\/\"+date.getFullYear();\n}\n<\/script>\n\n<script type=\"text\/javascript\">\nfunction muestra_ok(){\nvar Llegada=document.getElementById(\"llegada\").value;\nvar Llegada_spa=convertDate(Llegada);\nvar Salida=document.getElementById(\"salida\").value;\nvar Salida_spa=convertDate(Salida);\nlocation.href=\"https:\/\/www.murciaturistica.es\/es\/reservas?pagina=resultados&fecha_desde=\"+Llegada_spa+\"&fecha_hasta=\"+Salida_spa+\"&localidad=mula&tipo_busqueda=1\";\n}\n<\/script>\n\n<script type=\"text\/javascript\">\nfunction muestra_ok3(){\n\nlocation.href=\"https:\/\/www.murciaturistica.es\/es\/buscar_actividades?buscar=si&localidad=mula&fecha_desde=29\/08\/2018&fecha_hasta=29\/09\/2018\";\n}\n<\/script>\n\n\n<script type=\"text\/javascript\">\nfunction muestra_ok2(){\n\nlocation.href=\"https:\/\/www.murciaturistica.es\/es\/reservas?pagina=resultados&fecha_desde=29\/08\/2018&fecha_hasta=31\/08\/2018&localidad=mula&tipo_busqueda=1\";\n}\n<\/script>\n\n<\/head>\n\n<p align=\"center\" class=\"reservas\"><b>ACTIVIT\u00c9 DE R\u00c9SERVE<\/b><\/p>\n<script type=\"text\/javascript\">\nfunction convertDate(dateString) {\n    var date = new Date(dateString);\n    return date.getDate()+\"\/\"+(date.getMonth()+1)+\"\/\"+date.getFullYear();\n}\n<\/script>\n\n<script type=\"text\/javascript\">\nfunction muestra_ok(){\nvar Llegada=document.getElementById(\"llegada\").value;\nvar Llegada_spa=convertDate(Llegada);\nvar Salida=document.getElementById(\"salida\").value;\nvar Salida_spa=convertDate(Salida);\nlocation.href=\"https:\/\/www.murciaturistica.es\/es\/reservas?pagina=resultados&fecha_desde=\"+Llegada_spa+\"&fecha_hasta=\"+Salida_spa+\"&localidad=mula&tipo_busqueda=1\";\n}\n<\/script>\n\n<script type=\"text\/javascript\">\nfunction muestra_ok3(){\nvar Dia=document.getElementById(\"dia\").value;\nvar Dia_spa=convertDate(Dia);\nlocation.href=\"https:\/\/www.murciaturistica.es\/es\/buscar_actividades?buscar=si&localidad=mula&fecha_desde=\"+Dia_spa+\"&fecha_hasta=\"+Dia_spa;\n}\n<\/script>\n\n\n\n<\/head>\n\n<div id=\"prueba\">\n<form id=prueba\" METHOD=\"POST\"><p align=\"center\" class=\"reservas_texto\">\n  <b>JOUR:&nbsp;<\/b> <input style=\"color: #d6501b;\" type=\"date\" id=\"dia\"><\/p>\n\n   <p align=\"center\"><a class=\"boton_enviar\" href=\"javascript:muestra_ok3();\" title=\"RECHERCHER\">RECHERCHER<\/a>\n<\/p>\n<\/form>\n\n<\/div>\n<div class=\"fusion-clearfix\"><\/div><\/div><\/div><\/div><\/div><\/div>\n","protected":false},"excerpt":{"rendered":"","protected":false},"author":1,"featured_media":0,"parent":0,"menu_order":0,"comment_status":"closed","ping_status":"closed","template":"100-width.php","meta":{"_monsterinsights_skip_tracking":false,"_monsterinsights_sitenote_active":false,"_monsterinsights_sitenote_note":"","_monsterinsights_sitenote_category":0,"footnotes":""},"class_list":["post-12928","page","type-page","status-publish","hentry"],"_links":{"self":[{"href":"https:\/\/turismodemula.es\/fr\/wp-json\/wp\/v2\/pages\/12928","targetHints":{"allow":["GET"]}}],"collection":[{"href":"https:\/\/turismodemula.es\/fr\/wp-json\/wp\/v2\/pages"}],"about":[{"href":"https:\/\/turismodemula.es\/fr\/wp-json\/wp\/v2\/types\/page"}],"author":[{"embeddable":true,"href":"https:\/\/turismodemula.es\/fr\/wp-json\/wp\/v2\/users\/1"}],"replies":[{"embeddable":true,"href":"https:\/\/turismodemula.es\/fr\/wp-json\/wp\/v2\/comments?post=12928"}],"version-history":[{"count":5,"href":"https:\/\/turismodemula.es\/fr\/wp-json\/wp\/v2\/pages\/12928\/revisions"}],"predecessor-version":[{"id":15509,"href":"https:\/\/turismodemula.es\/fr\/wp-json\/wp\/v2\/pages\/12928\/revisions\/15509"}],"wp:attachment":[{"href":"https:\/\/turismodemula.es\/fr\/wp-json\/wp\/v2\/media?parent=12928"}],"curies":[{"name":"wp","href":"https:\/\/api.w.org\/{rel}","templated":true}]}}