{"id":12953,"date":"2017-06-16T07:55:23","date_gmt":"2017-06-16T07:55:23","guid":{"rendered":"http:\/\/mula.es\/turismo\/descubre-mula\/espacios-protegidos\/sierra-espuna\/"},"modified":"2019-06-05T12:51:33","modified_gmt":"2019-06-05T10:51:33","slug":"sierra-espuna","status":"publish","type":"page","link":"https:\/\/turismodemula.es\/fr\/decouvre-mula\/espaces-naturels\/sierra-espuna\/","title":{"rendered":"Sierra Espu\u00f1a"},"content":{"rendered":"<p><div class=\"fusion-fullwidth fullwidth-box fusion-builder-row-1 nonhundred-percent-fullwidth non-hundred-percent-height-scrolling\" style=\"--awb-border-radius-top-left:0px;--awb-border-radius-top-right:0px;--awb-border-radius-bottom-right:0px;--awb-border-radius-bottom-left:0px;--awb-margin-bottom:-20px;--awb-flex-wrap:wrap;\" ><div class=\"fusion-builder-row fusion-row\"><div class=\"fusion-layout-column fusion_builder_column fusion-builder-column-0 fusion_builder_column_1_2 1_2 fusion-one-half fusion-column-first\" style=\"--awb-bg-size:cover;width:50%;width:calc(50% - ( ( 4% ) * 0.5 ) );margin-right: 4%;\"><div class=\"fusion-column-wrapper fusion-flex-column-wrapper-legacy\"><div class=\"fusion-title title fusion-title-1 fusion-title-text fusion-title-size-one\"><h1 class=\"fusion-title-heading title-heading-left\" style=\"margin:0;\">Sierra Espu\u00f1a<\/h1><span class=\"awb-title-spacer\"><\/span><div class=\"title-sep-container\"><div class=\"title-sep sep-double sep-solid\" style=\"border-color:#e0dede;\"><\/div><\/div><\/div><div class=\"fusion-text fusion-text-1\"><p>Son territoire est divis\u00e9 entre les communes de Mula, Pliego, Totana, Alhama de Murcia et Aledo, en plus d\u2019\u00eatre jalonn\u00e9 par des petites communes rurales et des maisons de campagne d\u00e9pendantes de ces villages. La biodiversit\u00e9 de cette zone montagneuse et son importante h\u00e9t\u00e9rog\u00e9n\u00e9it\u00e9 ambientale ont \u00e9t\u00e9 d\u00e9clar\u00e9es comme Parc R\u00e9gional en 1992 environ 10.000 hectares de sa superficie (14.000 hectares la composent au total). Avant \u00e7a, elle avait \u00e9t\u00e9 incluse dans le Catalogue des Parcs Nationaux en 1917 et elle a \u00e9t\u00e9 \u00e9galement d\u00e9clar\u00e9e comme Parc Naturel en 1978. Sierra Espu\u00f1a constitue un bel \u00eelot forestier, avec une infinie vari\u00e9t\u00e9 de paysages qui contraste avec les terrains semi-arides pr\u00e9sents. Depuis 1973, elle a \u00e9t\u00e9 d\u00e9clar\u00e9e comme R\u00e9serve Nationale de Chasse.<\/p>\n<p>L\u2019orographie de son terrain forme un massif \u00e9lev\u00e9 avec de profondes vall\u00e9es int\u00e9rieures dont les strates les plus anciennes ont \u00e9t\u00e9 affect\u00e9es par le plissement Alpin. Le climat est sensiblement plus froid et pluvieux que dans le reste de la R\u00e9gion de Murcia et varie en fonction de la mont\u00e9e qui arrive \u00e0 1.583 m d\u2019altitude au point le plus haut. Les pr\u00e9cipitations sont aussi plus abondantes que dans le reste de l\u2019embouchure de Mula, durant les premiers mois de l\u2019ann\u00e9e, il est commun qu\u2019elles tombent sous forme de neige.<\/p>\n<p>L&rsquo;h\u00e9t\u00e9rog\u00e9n\u00e9it\u00e9 du paysage et de l\u2019environnement permet une importante biodiversit\u00e9 dans les terrains de la Sierra. Plus de deux cents esp\u00e8ces animales diff\u00e9rentes sont pr\u00e9sentes dans le p\u00e9rim\u00e8tre du Parc, o\u00f9 des amphibiens, des oiseaux, des mammif\u00e8res et des reptiles repr\u00e9sentent l\u2019addition de cette diversit\u00e9.<\/p>\n<p>Le cas est le m\u00eame pour la flore, plus d\u2019un millier d\u2019esp\u00e8ces v\u00e9g\u00e9tales se r\u00e9partissent sur les diff\u00e9rents paysages du Parc. Les changements d\u2019altitude, de climat et de degr\u00e9s d\u2019humidit\u00e9 dus \u00e0 la proximit\u00e9 des cours d\u2019eau, des fontaines et des rivi\u00e8res favorisent cette diversit\u00e9. La place du Pin d\u2019Alep dans la masse foresti\u00e8re se voit parsem\u00e9e par la pr\u00e9sence de petits ch\u00eanes, de pins noirs ou m\u00eame de pins maritimes dans les zones avec plus d\u2019altitude ou des ormes et des peupliers dans les zones proches des cours d\u2019eau. Au cours des derni\u00e8res ann\u00e9es du XIX\u00e8me si\u00e8cle, l\u2019ing\u00e9nieur des montagnes Ricardo Codorniu, n\u00e9 \u00e0 Cartagena, travailla sur des travaux de repopulation et la cr\u00e9ation de chemins qui font que la sierra rayonne de par sa verdure caract\u00e9ristique.<\/p>\n<\/div><div class=\"fusion-clearfix\"><\/div><\/div><\/div><div class=\"fusion-layout-column fusion_builder_column fusion-builder-column-1 fusion_builder_column_1_2 1_2 fusion-one-half fusion-column-last\" style=\"--awb-bg-size:cover;width:50%;width:calc(50% - ( ( 4% ) * 0.5 ) );\"><div class=\"fusion-column-wrapper fusion-flex-column-wrapper-legacy\"><div class=\"fusion-image-carousel fusion-image-carousel-auto fusion-image-carousel-1 fusion-carousel-border\"><div class=\"awb-carousel awb-swiper awb-swiper-carousel awb-swiper-dots-position-bottom awb-carousel--carousel\" data-layout=\"carousel\" data-autoplay=\"yes\" data-autoplayspeed=\"2500\" data-autoplaypause=\"no\" data-columns=\"1\" data-itemmargin=\"13\" data-itemwidth=\"180\" data-touchscroll=\"no\" data-freemode=\"no\" data-imagesize=\"auto\" data-scrollitems=\"0\" data-centeredslides=\"no\" data-rotationangle=\"50\" data-depth=\"100\" data-speed=\"500\" data-shadow=\"no\" style=\"--awb-columns:1;--awb-border-width:1px;--awb-border-color:#e9eaee;\"><div class=\"swiper-wrapper awb-image-carousel-wrapper fusion-flex-align-items-center\"><div class=\"swiper-slide\"><div class=\"fusion-carousel-item-wrapper\"><div class=\"fusion-image-wrapper hover-type-zoomin\"><img decoding=\"async\" width=\"600\" height=\"400\" src=\"https:\/\/turismodemula.es\/wp-content\/uploads\/2017\/10\/51_600x400.jpg\" class=\"attachment-full size-full\" alt=\"\" srcset=\"https:\/\/turismodemula.es\/wp-content\/uploads\/2017\/10\/51_600x400-200x133.jpg 200w, https:\/\/turismodemula.es\/wp-content\/uploads\/2017\/10\/51_600x400-300x200.jpg 300w, https:\/\/turismodemula.es\/wp-content\/uploads\/2017\/10\/51_600x400-400x267.jpg 400w, https:\/\/turismodemula.es\/wp-content\/uploads\/2017\/10\/51_600x400.jpg 600w\" sizes=\"(max-width: 600px) 100vw, 600px\" \/><\/div><\/div><\/div><\/div><div class=\"awb-swiper-button awb-swiper-button-prev\"><i class=\"awb-icon-angle-left\" aria-hidden=\"true\"><\/i><\/div><div class=\"awb-swiper-button awb-swiper-button-next\"><i class=\"awb-icon-angle-right\" aria-hidden=\"true\"><\/i><\/div><\/div><\/div><div class=\"fusion-clearfix\"><\/div><\/div><\/div><\/div><\/div><div id=\"agenda\" class=\"fusion-container-anchor\"><div class=\"fusion-fullwidth fullwidth-box fusion-builder-row-2 hundred-percent-fullwidth non-hundred-percent-height-scrolling\" style=\"--awb-border-radius-top-left:0px;--awb-border-radius-top-right:0px;--awb-border-radius-bottom-right:0px;--awb-border-radius-bottom-left:0px;--awb-padding-top:0px;--awb-padding-right:0px;--awb-padding-bottom:0px;--awb-padding-left:0px;--awb-margin-bottom:-40px;--awb-background-color:#d6501b;--awb-flex-wrap:wrap;\" ><div class=\"fusion-builder-row fusion-row\"><div class=\"fusion-layout-column fusion_builder_column fusion-builder-column-2 fusion_builder_column_1_2 1_2 fusion-one-half fusion-column-first\" style=\"--awb-padding-top:0px;--awb-padding-right:20px;--awb-padding-bottom:0px;--awb-padding-left:20px;--awb-bg-color:rgba(255,255,255,0);--awb-bg-color-hover:rgba(255,255,255,0);--awb-bg-size:cover;width:50%;width:calc(50% - ( ( 4% + 4% ) * 0.5 ) );margin-right: 4%;\"><div class=\"fusion-column-wrapper fusion-flex-column-wrapper-legacy\"><div class=\"fusion-menu-anchor\" id=\"agenda\"><\/div><div class=\"fusion-text fusion-text-2\"><p>[add_eventon_search search_all=\u00a0\u00bbyes\u00a0\u00bb ][add_eventon show_et_ft_img=\u00a0\u00bbyes\u00a0\u00bb lang=\u201dL3? hide_past=\u00a0\u00bbyes\u00a0\u00bb hide_so=\u00a0\u00bbno\u00a0\u00bb event_count=\u00a0\u00bb3&Prime; show_limit=\u00a0\u00bbyes\u00a0\u00bb]<\/p>\n<\/div><div class=\"fusion-clearfix\"><\/div><\/div><\/div><div class=\"fusion-layout-column fusion_builder_column fusion-builder-column-3 fusion_builder_column_1_4 1_4 fusion-one-fourth\" style=\"--awb-padding-top:0px;--awb-padding-right:20px;--awb-padding-bottom:0px;--awb-padding-left:20px;--awb-bg-color:rgba(255,255,255,0);--awb-bg-color-hover:rgba(255,255,255,0);--awb-bg-size:cover;width:25%;width:calc(25% - ( ( 4% + 4% ) * 0.25 ) );margin-right: 4%;\"><div class=\"fusion-column-wrapper fusion-flex-column-wrapper-legacy\"><div class=\"fusion-menu-anchor\" id=\"reservas\"><\/div><script type=\"text\/javascript\">\nfunction convertDate(dateString) {\n    var date = new Date(dateString);\n    return date.getDate()+\"\/\"+(date.getMonth()+1)+\"\/\"+date.getFullYear();\n}\n<\/script>\n\n<script type=\"text\/javascript\">\nfunction muestra_ok(){\nvar Llegada=document.getElementById(\"llegada\").value;\nvar Llegada_spa=convertDate(Llegada);\nvar Salida=document.getElementById(\"salida\").value;\nvar Salida_spa=convertDate(Salida);\nlocation.href=\"https:\/\/www.murciaturistica.es\/es\/reservas?pagina=resultados&fecha_desde=\"+Llegada_spa+\"&fecha_hasta=\"+Salida_spa+\"&localidad=mula&tipo_busqueda=1\";\n}\n<\/script>\n\n<script type=\"text\/javascript\">\nfunction muestra_ok3(){\n\nlocation.href=\"https:\/\/www.murciaturistica.es\/es\/buscar_actividades?buscar=si&localidad=mula&fecha_desde=29\/08\/2018&fecha_hasta=29\/09\/2018\";\n}\n<\/script>\n\n\n<script type=\"text\/javascript\">\nfunction muestra_ok2(){\n\nlocation.href=\"https:\/\/www.murciaturistica.es\/es\/reservas?pagina=resultados&fecha_desde=29\/08\/2018&fecha_hasta=31\/08\/2018&localidad=mula&tipo_busqueda=1\";\n}\n<\/script>\n\n<\/head>\n\n<p align=\"center\" class=\"reservas\"><b>H\u00c9BERGEMENT DU LIVRE<\/b><\/p>\n<div id=\"prueba\">\n<form id=prueba\" METHOD=\"POST\"><p align=\"center\" class=\"reservas_texto\">\n  <b>ARRIV\u00c9E:&nbsp;<\/b> <input style=\"color: #d6501b;\" type=\"date\" id=\"llegada\" onchange=\"myFunction('MyID');\"><\/p>\n    <script>\n      function myFunction(IdTag) {\n        var fecha = new Date(document.getElementById(\"llegada\").value);\n\t\tfecha.setDate(fecha.getDate() + 1);\n        document.getElementById(\"salida\").valueAsDate = fecha;\n        \n      }\n    <\/script>\n   \n  <p align=\"center\" class=\"reservas_texto\">\n  <b>D\u00c9PART:&nbsp;&nbsp;&nbsp;&nbsp;<\/b>  \n  <input style=\"color: #d6501b;\" type=\"date\" id=\"salida\";>\n   <p align=\"center\"><a class=\"boton_enviar\" href=\"javascript:muestra_ok();\" title=\"RECHERCHER\">RECHERCHER<\/a>\n<\/p>\n<\/form>\n\n<\/div><div class=\"fusion-clearfix\"><\/div><\/div><\/div><div class=\"fusion-layout-column fusion_builder_column fusion-builder-column-4 fusion_builder_column_1_4 1_4 fusion-one-fourth fusion-column-last\" style=\"--awb-padding-top:0px;--awb-padding-right:20px;--awb-padding-bottom:0px;--awb-padding-left:20px;--awb-bg-color:rgba(255,255,255,0);--awb-bg-color-hover:rgba(255,255,255,0);--awb-bg-size:cover;width:25%;width:calc(25% - ( ( 4% + 4% ) * 0.25 ) );\"><div class=\"fusion-column-wrapper fusion-flex-column-wrapper-legacy\"><script type=\"text\/javascript\">\nfunction convertDate(dateString) {\n    var date = new Date(dateString);\n    return date.getDate()+\"\/\"+(date.getMonth()+1)+\"\/\"+date.getFullYear();\n}\n<\/script>\n\n<script type=\"text\/javascript\">\nfunction muestra_ok(){\nvar Llegada=document.getElementById(\"llegada\").value;\nvar Llegada_spa=convertDate(Llegada);\nvar Salida=document.getElementById(\"salida\").value;\nvar Salida_spa=convertDate(Salida);\nlocation.href=\"https:\/\/www.murciaturistica.es\/es\/reservas?pagina=resultados&fecha_desde=\"+Llegada_spa+\"&fecha_hasta=\"+Salida_spa+\"&localidad=mula&tipo_busqueda=1\";\n}\n<\/script>\n\n<script type=\"text\/javascript\">\nfunction muestra_ok3(){\n\nlocation.href=\"https:\/\/www.murciaturistica.es\/es\/buscar_actividades?buscar=si&localidad=mula&fecha_desde=29\/08\/2018&fecha_hasta=29\/09\/2018\";\n}\n<\/script>\n\n\n<script type=\"text\/javascript\">\nfunction muestra_ok2(){\n\nlocation.href=\"https:\/\/www.murciaturistica.es\/es\/reservas?pagina=resultados&fecha_desde=29\/08\/2018&fecha_hasta=31\/08\/2018&localidad=mula&tipo_busqueda=1\";\n}\n<\/script>\n\n<\/head>\n\n<p align=\"center\" class=\"reservas\"><b>ACTIVIT\u00c9 DE R\u00c9SERVE<\/b><\/p>\n<script type=\"text\/javascript\">\nfunction convertDate(dateString) {\n    var date = new Date(dateString);\n    return date.getDate()+\"\/\"+(date.getMonth()+1)+\"\/\"+date.getFullYear();\n}\n<\/script>\n\n<script type=\"text\/javascript\">\nfunction muestra_ok(){\nvar Llegada=document.getElementById(\"llegada\").value;\nvar Llegada_spa=convertDate(Llegada);\nvar Salida=document.getElementById(\"salida\").value;\nvar Salida_spa=convertDate(Salida);\nlocation.href=\"https:\/\/www.murciaturistica.es\/es\/reservas?pagina=resultados&fecha_desde=\"+Llegada_spa+\"&fecha_hasta=\"+Salida_spa+\"&localidad=mula&tipo_busqueda=1\";\n}\n<\/script>\n\n<script type=\"text\/javascript\">\nfunction muestra_ok3(){\nvar Dia=document.getElementById(\"dia\").value;\nvar Dia_spa=convertDate(Dia);\nlocation.href=\"https:\/\/www.murciaturistica.es\/es\/buscar_actividades?buscar=si&localidad=mula&fecha_desde=\"+Dia_spa+\"&fecha_hasta=\"+Dia_spa;\n}\n<\/script>\n\n\n\n<\/head>\n\n<div id=\"prueba\">\n<form id=prueba\" METHOD=\"POST\"><p align=\"center\" class=\"reservas_texto\">\n  <b>JOUR:&nbsp;<\/b> <input style=\"color: #d6501b;\" type=\"date\" id=\"dia\"><\/p>\n\n   <p align=\"center\"><a class=\"boton_enviar\" href=\"javascript:muestra_ok3();\" title=\"RECHERCHER\">RECHERCHER<\/a>\n<\/p>\n<\/form>\n\n<\/div>\n<div class=\"fusion-clearfix\"><\/div><\/div><\/div><\/div><\/div><\/div><\/p>\n","protected":false},"excerpt":{"rendered":"","protected":false},"author":1,"featured_media":0,"parent":12941,"menu_order":0,"comment_status":"closed","ping_status":"closed","template":"100-width.php","meta":{"_monsterinsights_skip_tracking":false,"_monsterinsights_sitenote_active":false,"_monsterinsights_sitenote_note":"","_monsterinsights_sitenote_category":0,"footnotes":""},"class_list":["post-12953","page","type-page","status-publish","hentry"],"_links":{"self":[{"href":"https:\/\/turismodemula.es\/fr\/wp-json\/wp\/v2\/pages\/12953","targetHints":{"allow":["GET"]}}],"collection":[{"href":"https:\/\/turismodemula.es\/fr\/wp-json\/wp\/v2\/pages"}],"about":[{"href":"https:\/\/turismodemula.es\/fr\/wp-json\/wp\/v2\/types\/page"}],"author":[{"embeddable":true,"href":"https:\/\/turismodemula.es\/fr\/wp-json\/wp\/v2\/users\/1"}],"replies":[{"embeddable":true,"href":"https:\/\/turismodemula.es\/fr\/wp-json\/wp\/v2\/comments?post=12953"}],"version-history":[{"count":2,"href":"https:\/\/turismodemula.es\/fr\/wp-json\/wp\/v2\/pages\/12953\/revisions"}],"predecessor-version":[{"id":15665,"href":"https:\/\/turismodemula.es\/fr\/wp-json\/wp\/v2\/pages\/12953\/revisions\/15665"}],"up":[{"embeddable":true,"href":"https:\/\/turismodemula.es\/fr\/wp-json\/wp\/v2\/pages\/12941"}],"wp:attachment":[{"href":"https:\/\/turismodemula.es\/fr\/wp-json\/wp\/v2\/media?parent=12953"}],"curies":[{"name":"wp","href":"https:\/\/api.w.org\/{rel}","templated":true}]}}