{"id":13053,"date":"2017-09-13T08:27:11","date_gmt":"2017-09-13T08:27:11","guid":{"rendered":"http:\/\/mula.es\/turismo\/pedanias\/los-banos\/aguas-terminales\/"},"modified":"2019-06-05T12:48:15","modified_gmt":"2019-06-05T10:48:15","slug":"eaux-thermales","status":"publish","type":"page","link":"https:\/\/turismodemula.es\/fr\/decouvre-mula\/d-autres-peuples\/los-banos\/eaux-thermales\/","title":{"rendered":"Eaux Thermales"},"content":{"rendered":"<p><div class=\"fusion-fullwidth fullwidth-box fusion-builder-row-1 nonhundred-percent-fullwidth non-hundred-percent-height-scrolling\" style=\"--awb-border-radius-top-left:0px;--awb-border-radius-top-right:0px;--awb-border-radius-bottom-right:0px;--awb-border-radius-bottom-left:0px;--awb-margin-bottom:-20px;--awb-flex-wrap:wrap;\" ><div class=\"fusion-builder-row fusion-row\"><div class=\"fusion-layout-column fusion_builder_column fusion-builder-column-0 fusion_builder_column_1_2 1_2 fusion-one-half fusion-column-first\" style=\"--awb-bg-size:cover;width:50%;width:calc(50% - ( ( 4% ) * 0.5 ) );margin-right: 4%;\"><div class=\"fusion-column-wrapper fusion-flex-column-wrapper-legacy\"><div class=\"fusion-title title fusion-title-1 fusion-title-text fusion-title-size-one\"><h1 class=\"fusion-title-heading title-heading-left\" style=\"margin:0;\">Eaux Thermales<\/h1><span class=\"awb-title-spacer\"><\/span><div class=\"title-sep-container\"><div class=\"title-sep sep-double sep-solid\" style=\"border-color:#e0dede;\"><\/div><\/div><\/div><div class=\"fusion-text fusion-text-1\"><p>Dans le bassin s\u00e9dimentaire pr\u00e9sent \u00e0 la sortie de Mula, se trouve l\u2019aire g\u00e9ologique de Los Ba\u00f1os et la Puebla de Mula. Cette zone est caract\u00e9ris\u00e9e par l\u2019affleurement de formations rocheuses calcaires dans la cime de deux collines situ\u00e9es aux deux extr\u00e9mit\u00e9s de la rivi\u00e8re. Cette couronne de travertin prot\u00e8ge \u00e0 la base de marme sur laquelle on s\u2019asseoit, formant un exemple de collines qui prouvent la superpositions de d\u00e9p\u00f4ts appartenants \u00e0 diff\u00e9rentes \u00e9poques g\u00e9ologiques. Ces deux collines se trouvent d\u00e9nivel\u00e9es par la pr\u00e9sence d\u2019une faille qui s\u2019\u00e9tend jusqu\u2019\u00e0 Fortuna. Cette faille favorise l\u2019\u00e9mersion de l\u2019eau des Ba\u00f1os des Mula qui coule \u00e0 37\u00b0C.<\/p>\n<\/div><div class=\"fusion-clearfix\"><\/div><\/div><\/div><div class=\"fusion-layout-column fusion_builder_column fusion-builder-column-1 fusion_builder_column_1_2 1_2 fusion-one-half fusion-column-last\" style=\"--awb-bg-size:cover;width:50%;width:calc(50% - ( ( 4% ) * 0.5 ) );\"><div class=\"fusion-column-wrapper fusion-flex-column-wrapper-legacy\"><div class=\"fusion-image-carousel fusion-image-carousel-auto fusion-image-carousel-1 fusion-carousel-border\"><div class=\"awb-carousel awb-swiper awb-swiper-carousel awb-swiper-dots-position-bottom awb-carousel--carousel\" data-layout=\"carousel\" data-autoplay=\"yes\" data-autoplayspeed=\"2500\" data-autoplaypause=\"no\" data-columns=\"1\" data-itemmargin=\"13\" data-itemwidth=\"180\" data-touchscroll=\"no\" data-freemode=\"no\" data-imagesize=\"auto\" data-scrollitems=\"0\" data-centeredslides=\"no\" data-rotationangle=\"50\" data-depth=\"100\" data-speed=\"500\" data-shadow=\"no\" style=\"--awb-columns:1;--awb-border-width:1px;--awb-border-color:#e9eaee;\"><div class=\"swiper-wrapper awb-image-carousel-wrapper fusion-flex-align-items-center\"><div class=\"swiper-slide\"><div class=\"fusion-carousel-item-wrapper\"><div class=\"fusion-image-wrapper hover-type-zoomin\"><img decoding=\"async\" width=\"268\" height=\"402\" src=\"https:\/\/turismodemula.es\/wp-content\/uploads\/2017\/10\/32_268x402.jpg\" class=\"attachment-full size-full\" alt=\"\" srcset=\"https:\/\/turismodemula.es\/wp-content\/uploads\/2017\/10\/32_268x402-200x300.jpg 200w, https:\/\/turismodemula.es\/wp-content\/uploads\/2017\/10\/32_268x402.jpg 268w\" sizes=\"(max-width: 268px) 100vw, 268px\" \/><\/div><\/div><\/div><div class=\"swiper-slide\"><div class=\"fusion-carousel-item-wrapper\"><div class=\"fusion-image-wrapper hover-type-zoomin\"><img decoding=\"async\" width=\"536\" height=\"402\" src=\"https:\/\/turismodemula.es\/wp-content\/uploads\/2017\/10\/32b_536x402.jpg\" class=\"attachment-full size-full\" alt=\"\" srcset=\"https:\/\/turismodemula.es\/wp-content\/uploads\/2017\/10\/32b_536x402-200x150.jpg 200w, https:\/\/turismodemula.es\/wp-content\/uploads\/2017\/10\/32b_536x402-300x225.jpg 300w, https:\/\/turismodemula.es\/wp-content\/uploads\/2017\/10\/32b_536x402-400x300.jpg 400w, https:\/\/turismodemula.es\/wp-content\/uploads\/2017\/10\/32b_536x402.jpg 536w\" sizes=\"(max-width: 536px) 100vw, 536px\" \/><\/div><\/div><\/div><\/div><div class=\"awb-swiper-button awb-swiper-button-prev\"><i class=\"awb-icon-angle-left\" aria-hidden=\"true\"><\/i><\/div><div class=\"awb-swiper-button awb-swiper-button-next\"><i class=\"awb-icon-angle-right\" aria-hidden=\"true\"><\/i><\/div><\/div><\/div><div class=\"fusion-clearfix\"><\/div><\/div><\/div><\/div><\/div><div id=\"agenda\" class=\"fusion-container-anchor\"><div class=\"fusion-fullwidth fullwidth-box fusion-builder-row-2 hundred-percent-fullwidth non-hundred-percent-height-scrolling\" style=\"--awb-border-radius-top-left:0px;--awb-border-radius-top-right:0px;--awb-border-radius-bottom-right:0px;--awb-border-radius-bottom-left:0px;--awb-padding-top:0px;--awb-padding-right:0px;--awb-padding-bottom:0px;--awb-padding-left:0px;--awb-margin-bottom:-40px;--awb-background-color:#d6501b;--awb-flex-wrap:wrap;\" ><div class=\"fusion-builder-row fusion-row\"><div class=\"fusion-layout-column fusion_builder_column fusion-builder-column-2 fusion_builder_column_1_2 1_2 fusion-one-half fusion-column-first\" style=\"--awb-padding-top:0px;--awb-padding-right:20px;--awb-padding-bottom:0px;--awb-padding-left:20px;--awb-bg-color:rgba(255,255,255,0);--awb-bg-color-hover:rgba(255,255,255,0);--awb-bg-size:cover;width:50%;width:calc(50% - ( ( 4% + 4% ) * 0.5 ) );margin-right: 4%;\"><div class=\"fusion-column-wrapper fusion-flex-column-wrapper-legacy\"><div class=\"fusion-menu-anchor\" id=\"agenda\"><\/div><div class=\"fusion-text fusion-text-2\"><p>[add_eventon_search search_all=\u00a0\u00bbyes\u00a0\u00bb ][add_eventon show_et_ft_img=\u00a0\u00bbyes\u00a0\u00bb lang=\u201dL3? hide_past=\u00a0\u00bbyes\u00a0\u00bb hide_so=\u00a0\u00bbno\u00a0\u00bb event_count=\u00a0\u00bb3&Prime; show_limit=\u00a0\u00bbyes\u00a0\u00bb]<\/p>\n<\/div><div class=\"fusion-clearfix\"><\/div><\/div><\/div><div class=\"fusion-layout-column fusion_builder_column fusion-builder-column-3 fusion_builder_column_1_4 1_4 fusion-one-fourth\" style=\"--awb-padding-top:0px;--awb-padding-right:20px;--awb-padding-bottom:0px;--awb-padding-left:20px;--awb-bg-color:rgba(255,255,255,0);--awb-bg-color-hover:rgba(255,255,255,0);--awb-bg-size:cover;width:25%;width:calc(25% - ( ( 4% + 4% ) * 0.25 ) );margin-right: 4%;\"><div class=\"fusion-column-wrapper fusion-flex-column-wrapper-legacy\"><div class=\"fusion-menu-anchor\" id=\"reservas\"><\/div><script type=\"text\/javascript\">\nfunction convertDate(dateString) {\n    var date = new Date(dateString);\n    return date.getDate()+\"\/\"+(date.getMonth()+1)+\"\/\"+date.getFullYear();\n}\n<\/script>\n\n<script type=\"text\/javascript\">\nfunction muestra_ok(){\nvar Llegada=document.getElementById(\"llegada\").value;\nvar Llegada_spa=convertDate(Llegada);\nvar Salida=document.getElementById(\"salida\").value;\nvar Salida_spa=convertDate(Salida);\nlocation.href=\"https:\/\/www.murciaturistica.es\/es\/reservas?pagina=resultados&fecha_desde=\"+Llegada_spa+\"&fecha_hasta=\"+Salida_spa+\"&localidad=mula&tipo_busqueda=1\";\n}\n<\/script>\n\n<script type=\"text\/javascript\">\nfunction muestra_ok3(){\n\nlocation.href=\"https:\/\/www.murciaturistica.es\/es\/buscar_actividades?buscar=si&localidad=mula&fecha_desde=29\/08\/2018&fecha_hasta=29\/09\/2018\";\n}\n<\/script>\n\n\n<script type=\"text\/javascript\">\nfunction muestra_ok2(){\n\nlocation.href=\"https:\/\/www.murciaturistica.es\/es\/reservas?pagina=resultados&fecha_desde=29\/08\/2018&fecha_hasta=31\/08\/2018&localidad=mula&tipo_busqueda=1\";\n}\n<\/script>\n\n<\/head>\n\n<p align=\"center\" class=\"reservas\"><b>H\u00c9BERGEMENT DU LIVRE<\/b><\/p>\n<div id=\"prueba\">\n<form id=prueba\" METHOD=\"POST\"><p align=\"center\" class=\"reservas_texto\">\n  <b>ARRIV\u00c9E:&nbsp;<\/b> <input style=\"color: #d6501b;\" type=\"date\" id=\"llegada\" onchange=\"myFunction('MyID');\"><\/p>\n    <script>\n      function myFunction(IdTag) {\n        var fecha = new Date(document.getElementById(\"llegada\").value);\n\t\tfecha.setDate(fecha.getDate() + 1);\n        document.getElementById(\"salida\").valueAsDate = fecha;\n        \n      }\n    <\/script>\n   \n  <p align=\"center\" class=\"reservas_texto\">\n  <b>D\u00c9PART:&nbsp;&nbsp;&nbsp;&nbsp;<\/b>  \n  <input style=\"color: #d6501b;\" type=\"date\" id=\"salida\";>\n   <p align=\"center\"><a class=\"boton_enviar\" href=\"javascript:muestra_ok();\" title=\"RECHERCHER\">RECHERCHER<\/a>\n<\/p>\n<\/form>\n\n<\/div><div class=\"fusion-clearfix\"><\/div><\/div><\/div><div class=\"fusion-layout-column fusion_builder_column fusion-builder-column-4 fusion_builder_column_1_4 1_4 fusion-one-fourth fusion-column-last\" style=\"--awb-padding-top:0px;--awb-padding-right:20px;--awb-padding-bottom:0px;--awb-padding-left:20px;--awb-bg-color:rgba(255,255,255,0);--awb-bg-color-hover:rgba(255,255,255,0);--awb-bg-size:cover;width:25%;width:calc(25% - ( ( 4% + 4% ) * 0.25 ) );\"><div class=\"fusion-column-wrapper fusion-flex-column-wrapper-legacy\"><script type=\"text\/javascript\">\nfunction convertDate(dateString) {\n    var date = new Date(dateString);\n    return date.getDate()+\"\/\"+(date.getMonth()+1)+\"\/\"+date.getFullYear();\n}\n<\/script>\n\n<script type=\"text\/javascript\">\nfunction muestra_ok(){\nvar Llegada=document.getElementById(\"llegada\").value;\nvar Llegada_spa=convertDate(Llegada);\nvar Salida=document.getElementById(\"salida\").value;\nvar Salida_spa=convertDate(Salida);\nlocation.href=\"https:\/\/www.murciaturistica.es\/es\/reservas?pagina=resultados&fecha_desde=\"+Llegada_spa+\"&fecha_hasta=\"+Salida_spa+\"&localidad=mula&tipo_busqueda=1\";\n}\n<\/script>\n\n<script type=\"text\/javascript\">\nfunction muestra_ok3(){\n\nlocation.href=\"https:\/\/www.murciaturistica.es\/es\/buscar_actividades?buscar=si&localidad=mula&fecha_desde=29\/08\/2018&fecha_hasta=29\/09\/2018\";\n}\n<\/script>\n\n\n<script type=\"text\/javascript\">\nfunction muestra_ok2(){\n\nlocation.href=\"https:\/\/www.murciaturistica.es\/es\/reservas?pagina=resultados&fecha_desde=29\/08\/2018&fecha_hasta=31\/08\/2018&localidad=mula&tipo_busqueda=1\";\n}\n<\/script>\n\n<\/head>\n\n<p align=\"center\" class=\"reservas\"><b>ACTIVIT\u00c9 DE R\u00c9SERVE<\/b><\/p>\n<script type=\"text\/javascript\">\nfunction convertDate(dateString) {\n    var date = new Date(dateString);\n    return date.getDate()+\"\/\"+(date.getMonth()+1)+\"\/\"+date.getFullYear();\n}\n<\/script>\n\n<script type=\"text\/javascript\">\nfunction muestra_ok(){\nvar Llegada=document.getElementById(\"llegada\").value;\nvar Llegada_spa=convertDate(Llegada);\nvar Salida=document.getElementById(\"salida\").value;\nvar Salida_spa=convertDate(Salida);\nlocation.href=\"https:\/\/www.murciaturistica.es\/es\/reservas?pagina=resultados&fecha_desde=\"+Llegada_spa+\"&fecha_hasta=\"+Salida_spa+\"&localidad=mula&tipo_busqueda=1\";\n}\n<\/script>\n\n<script type=\"text\/javascript\">\nfunction muestra_ok3(){\nvar Dia=document.getElementById(\"dia\").value;\nvar Dia_spa=convertDate(Dia);\nlocation.href=\"https:\/\/www.murciaturistica.es\/es\/buscar_actividades?buscar=si&localidad=mula&fecha_desde=\"+Dia_spa+\"&fecha_hasta=\"+Dia_spa;\n}\n<\/script>\n\n\n\n<\/head>\n\n<div id=\"prueba\">\n<form id=prueba\" METHOD=\"POST\"><p align=\"center\" class=\"reservas_texto\">\n  <b>JOUR:&nbsp;<\/b> <input style=\"color: #d6501b;\" type=\"date\" id=\"dia\"><\/p>\n\n   <p align=\"center\"><a class=\"boton_enviar\" href=\"javascript:muestra_ok3();\" title=\"RECHERCHER\">RECHERCHER<\/a>\n<\/p>\n<\/form>\n\n<\/div>\n<div class=\"fusion-clearfix\"><\/div><\/div><\/div><\/div><\/div><\/div><\/p>\n","protected":false},"excerpt":{"rendered":"","protected":false},"author":1,"featured_media":0,"parent":13051,"menu_order":0,"comment_status":"closed","ping_status":"closed","template":"100-width.php","meta":{"_monsterinsights_skip_tracking":false,"_monsterinsights_sitenote_active":false,"_monsterinsights_sitenote_note":"","_monsterinsights_sitenote_category":0,"footnotes":""},"class_list":["post-13053","page","type-page","status-publish","hentry"],"_links":{"self":[{"href":"https:\/\/turismodemula.es\/fr\/wp-json\/wp\/v2\/pages\/13053","targetHints":{"allow":["GET"]}}],"collection":[{"href":"https:\/\/turismodemula.es\/fr\/wp-json\/wp\/v2\/pages"}],"about":[{"href":"https:\/\/turismodemula.es\/fr\/wp-json\/wp\/v2\/types\/page"}],"author":[{"embeddable":true,"href":"https:\/\/turismodemula.es\/fr\/wp-json\/wp\/v2\/users\/1"}],"replies":[{"embeddable":true,"href":"https:\/\/turismodemula.es\/fr\/wp-json\/wp\/v2\/comments?post=13053"}],"version-history":[{"count":4,"href":"https:\/\/turismodemula.es\/fr\/wp-json\/wp\/v2\/pages\/13053\/revisions"}],"predecessor-version":[{"id":15656,"href":"https:\/\/turismodemula.es\/fr\/wp-json\/wp\/v2\/pages\/13053\/revisions\/15656"}],"up":[{"embeddable":true,"href":"https:\/\/turismodemula.es\/fr\/wp-json\/wp\/v2\/pages\/13051"}],"wp:attachment":[{"href":"https:\/\/turismodemula.es\/fr\/wp-json\/wp\/v2\/media?parent=13053"}],"curies":[{"name":"wp","href":"https:\/\/api.w.org\/{rel}","templated":true}]}}